{"id":170,"date":"2026-03-08T16:23:15","date_gmt":"2026-03-08T15:23:15","guid":{"rendered":"https:\/\/www.adolphe-sax.com\/?page_id=170"},"modified":"2026-03-08T16:42:51","modified_gmt":"2026-03-08T15:42:51","slug":"le-documentaire-le-genie-de-sax","status":"publish","type":"page","link":"https:\/\/www.adolphe-sax.com\/?page_id=170","title":{"rendered":"\u00ab\u00a0Le G\u00e9nie de Sax\u00a0\u00bb"},"content":{"rendered":"\n<h2>Un documentaire de 52&prime; sur la vie d&rsquo;Adolphe Sax<\/h2>\n<p>R\u00e9sum\u00e9 :<br \/>\u00a0\u00bb Le saxophone est un instrument connu du monde entier, le nom de son cr\u00e9ateur, Adolphe Sax, l\u2019est beaucoup moins. Inventeur g\u00e9nial dans le domaine musical, v\u00e9n\u00e9r\u00e9 par Berlioz et Wagner au moment de son installation \u00e0 Paris depuis sa Belgique natale, il r\u00e9volutionne l\u2019acoustique des orchestres classiques. Cela ne l\u2019emp\u00eachera pas de disparaitre \u00e0 la fin du XIXe si\u00e8cle dans l\u2019oubli total et l\u2019extr\u00eame pauvret\u00e9. Sa plus c\u00e9l\u00e8bre invention, \u00ab le saxo \u00bb, va devenir quelques ann\u00e9es apr\u00e8s sa disparition, l\u2019arch\u00e9type de l\u2019instrument populaire, celui embl\u00e9matique du jazz.<br \/>\u00a0<span id=\"OBJ_PREFIX_DWT110_com_zimbra_date\" class=\"Object\" role=\"link\"><span id=\"OBJ_PREFIX_DWT122_com_zimbra_date\" class=\"Object\" role=\"link\">Aujourd\u2019hui<\/span><\/span>, le dernier instrument acoustique invent\u00e9 il y a 180 ans cette ann\u00e9e, a atteint son \u00e2ge adulte et des millions de personnes le jouent dans le monde entier.<br \/>\u00a0<br \/>Gr\u00e2ce \u00e0 des t\u00e9moignages in\u00e9dits de nombreux \u00ab t\u00e9nors du sax \u00bb et ponctu\u00e9 par des sc\u00e8nes d\u2019un spectacle du quatuor \u00ab Les D\u00e9sax\u00e9s \u00bb qui lui rendent \u00e0 leur mani\u00e8re hommage, ce documentaire l\u00e8ve le voile sur la grande histoire du\u00a0<span id=\"DWT112\" class=\"ZmSearchResult\"><span id=\"DWT124\" class=\"ZmSearchResult\">G\u00e9nie<\/span><\/span> de l\u2019inventeur et de son Saxophone qui porte dignement son nom ! \u00ab\u00a0<\/p>\n<p>Pour toutes demandes pour d\u00e9couvrir ce film :<a href=\"mailto:contact@adolphe-sax.com\"> contact@adolphe-sax.com<\/a><\/p>\n\n\n","protected":false},"excerpt":{"rendered":"<p>Un documentaire de 52&prime; sur la vie d&rsquo;Adolphe Sax R\u00e9sum\u00e9 :\u00a0\u00bb Le saxophone est un instrument connu du monde entier, le nom de son cr\u00e9ateur, Adolphe Sax, l\u2019est beaucoup moins. Inventeur g\u00e9nial dans le domaine musical, v\u00e9n\u00e9r\u00e9 par Berlioz et Wagner au moment de son installation \u00e0 Paris depuis sa Belgique natale, il r\u00e9volutionne l\u2019acoustique &hellip; <\/p>\n<p class=\"link-more\"><a href=\"https:\/\/www.adolphe-sax.com\/?page_id=170\" class=\"more-link\">Continuer la lecture<span class=\"screen-reader-text\"> de &laquo;&nbsp;\u00ab\u00a0Le G\u00e9nie de Sax\u00a0\u00bb&nbsp;&raquo;<\/span><\/a><\/p>\n","protected":false},"author":2,"featured_media":133,"parent":0,"menu_order":0,"comment_status":"closed","ping_status":"closed","template":"","meta":{"footnotes":""},"class_list":["post-170","page","type-page","status-publish","has-post-thumbnail","hentry"],"_links":{"self":[{"href":"https:\/\/www.adolphe-sax.com\/index.php?rest_route=\/wp\/v2\/pages\/170","targetHints":{"allow":["GET"]}}],"collection":[{"href":"https:\/\/www.adolphe-sax.com\/index.php?rest_route=\/wp\/v2\/pages"}],"about":[{"href":"https:\/\/www.adolphe-sax.com\/index.php?rest_route=\/wp\/v2\/types\/page"}],"author":[{"embeddable":true,"href":"https:\/\/www.adolphe-sax.com\/index.php?rest_route=\/wp\/v2\/users\/2"}],"replies":[{"embeddable":true,"href":"https:\/\/www.adolphe-sax.com\/index.php?rest_route=%2Fwp%2Fv2%2Fcomments&post=170"}],"version-history":[{"count":2,"href":"https:\/\/www.adolphe-sax.com\/index.php?rest_route=\/wp\/v2\/pages\/170\/revisions"}],"predecessor-version":[{"id":176,"href":"https:\/\/www.adolphe-sax.com\/index.php?rest_route=\/wp\/v2\/pages\/170\/revisions\/176"}],"wp:featuredmedia":[{"embeddable":true,"href":"https:\/\/www.adolphe-sax.com\/index.php?rest_route=\/wp\/v2\/media\/133"}],"wp:attachment":[{"href":"https:\/\/www.adolphe-sax.com\/index.php?rest_route=%2Fwp%2Fv2%2Fmedia&parent=170"}],"curies":[{"name":"wp","href":"https:\/\/api.w.org\/{rel}","templated":true}]}}